{"id":252,"date":"2015-08-27T10:31:42","date_gmt":"2015-08-27T08:31:42","guid":{"rendered":"http:\/\/s337418314.onlinehome.us\/ccefonlus.com\/?page_id=252"},"modified":"2016-08-20T16:46:38","modified_gmt":"2016-08-20T14:46:38","slug":"message-du-president","status":"publish","type":"page","link":"https:\/\/www.ccefonlus.com\/fr\/message-du-president\/","title":{"rendered":"Message du President"},"content":{"rendered":"<p>C\u2019est un immense plaisir pour moi de vous ouvrir les pages de notre site Internet. L\u2019espace de ce site est un chantier international et surtout un carrefour de rencontres favorisant le brassage interculturel. Au fil des pages visit\u00e9es, vous pourrez d\u00e9couvrir nos actions mais aussi, les valeurs qui les motivent.<\/p>\n<p>Notre ONG est d\u00e9nomm\u00e9e: La Communaut\u00e9 Chr\u00e9tienne Pour l\u2019Education Familiale en sigle <strong>\u2018\u2019 CCEF ONLUS \u2019\u2019.<\/strong><\/p>\n<p>L\u2019ONLUS (Organisation non Lucrative d\u2019Utilit\u00e9 Sociale) \u00e0 son si\u00e8ge \u00e0 Rome en Italie et a une repr\u00e9sentation \u00e0 Brazzaville (CONGO) et \u00e0 Montr\u00e9al (CANADA).<\/p>\n<p>La CCEF Onlus est une organisation humanitaire et de solidarit\u00e9 Sans But Lucratif, les activit\u00e9s de la CCEF ONLUS sont bas\u00e9es sur le volontariat\/b\u00e9n\u00e9volat afin de venir en aide d\u2019une part, aux pauvres, aux d\u00e9munis, aux victimes de fl\u00e9aux naturels et d\u2019autres part, l\u2019\u0153uvre a surtout pour vocation de favoriser \u00e0 travers ses projets l\u2019acc\u00e8s aux soins et \u00e0 l\u2019assistance aux personnes atteintes de certaines pathologies comme l\u2019insuffisance r\u00e9nale, le diab\u00e8te, les Accidents vasculaires c\u00e9r\u00e9braux et d\u2019apporter un tant soit peu des solutions dans la prise en charge et dans la pr\u00e9vention de ces pathologies.<\/p>\n<p>Nous mettons tout en \u0153uvre pour que les plus fragiles de notre soci\u00e9t\u00e9 trouvent un soutien, une assistance, un accompagnement aussi bien social que spirituel. Ne pas fermer les yeux sur des d\u00e9tresses des plus faibles et des plus d\u00e9munis, secourir autant que se peut, c\u2019est la meilleure fa\u00e7on de s\u2019investir dans cette cha\u00eene de solidarit\u00e9; <strong>\u00eatre humain, c\u2019est \u00eatre attentif \u00e0 l\u2019autre.<\/strong><\/p>\n<p>Notre ONLUS a toujours eu une vision de court terme, qui est celle de r\u00e9agir le plus vite possible car il faut r\u00e9pondre \u00e0 l&#8217;urgence. Mettons-y tout notre c\u0153ur afin de redonner espoir \u00e0 ceux qui ont perdu le go\u00fbt \u00e0 la vie.<\/p>\n<p>La CCEF ONLUS dans le souci de promouvoir le volontariat international, lance un vibrant appel \u00e0 ceux qui partagent les id\u00e9aux du volontariat, les b\u00e9n\u00e9voles du monde entier, les gens de bonne volont\u00e9; vous qui r\u00eaver toujours apporter votre contribution pour les changements au sein de nos soci\u00e9t\u00e9s, c\u2019est le meilleur moment de conjuguer nos efforts, ici et maintenant.<\/p>\n<p>Notre action se base sur la n\u00e9cessit\u00e9 de r\u00e9pondre \u00e0 un besoin pr\u00e9cis, que le d\u00e9roulement du temps ne doit pas effacer. Nous sentons l\u2019urgence d\u2019intervenir au moyen d\u2019une s\u00e9rie de projets en R\u00e9publique du Congo. Lesquels portent sur la Sant\u00e9 notamment, sur la\u00a0\u2018\u2019R\u00e9alisation de l\u2019un des premiers centre d\u2019H\u00e9modialyse et de N\u00e9phrologie \u00e0 Brazzaville\u00a0; sur la formation \u00e0 travers le Projet de r\u00e9alisation d\u2019un centre de formation technique et professionnelle des jeunes \u00e0 Goma ts\u00e9 ts\u00e9 dans le sud de Brazzaville; et enfin sur l&#8217;appui \u00e0 l&#8217;alimentation en eau potable en milieu rural. La Plateforme de la CCEF Onlus est donc un vaste chantier dans lequel nous nous engageons et qui n\u00e9cessite un apport de chacun et de tous. Ce n\u2019est qu\u2019\u00e0 ce prix que ce r\u00eave deviendra r\u00e9alit\u00e9 pour le bien de tous.<\/p>\n<p>Vous \u00eates M\u00e9decin, Infirmier, Journaliste, Retrait\u00e9 actif, Religieux, une mutuelle d\u2019entraide, une ONG, une Association, vous avez une passion pour l\u2019humanitaire, vous \u00eates sensibles \u00e0 la souffrance des autres, vous voulez partager ses exp\u00e9riences, en participant avec libre choix, veuillez nous contacter \u00e0 cette adresse mail\u00a0: <a href=\"mailto:info@ccefonlus.com%20\">info@ccefonlus.com <\/a>.<\/p>\n<p>Nous remercions toutes les personnes qui nous font l&#8217;honneur d&#8217;appr\u00e9cier les informations glan\u00e9es sur ce site et un grand Merci \u00e0 tous ceux qui d\u00e9cident de nous soutenir en parcourant avec nous au moins une partie de ce long chemin, important et difficile.<\/p>\n<p>Pour finir, je voudrais faire mienne une citation de M\u00e8re Theresa de Calcutta qui disait:<\/p>\n<blockquote><p><strong> &#8220;La pauvret\u00e9 la plus grande dans le monde, n\u2019est pas le manque de nourriture mais plut\u00f4t le manque d\u2019Amour&#8221;.<\/strong><\/p><\/blockquote>\n<p>J\u2019ajoute que:<\/p>\n<blockquote><p><strong> &#8220;Le droit \u00e0 la sant\u00e9 soit un droit pour tout \u00eatre humain au-del\u00e0 de sa situation sociale<span id=\"transmark\" style=\"display: none; width: 0px; height: 0px;\"><\/span>&#8220;<\/strong><\/p><\/blockquote>\n<p>La CCEF ONLUS croit \u00e0 la n\u00e9cessit\u00e9 de la solidarit\u00e9 envers ceux qui souffrent, nous avons le devoir de r\u00e9ussir et ensemble nous y parviendrons. J\u2019en conviens que la t\u00e2che est immense, mais la lucidit\u00e9 ne contrecarre pas l&#8217;espoir, elle en dessine plut\u00f4t la toile de fond. Nous pensons que le reste est question de volont\u00e9 et de courage et de d\u00e9termination! Donnons-nous donc la main pour accroitre nos moyens d\u2019action. Renfor\u00e7ons notre partenariat et notre synergie afin de mieux lutter contre l\u2019exclusion et l\u2019indiff\u00e9rence.<\/p>\n<p style=\"text-align: center;\"><strong>\u00a0\u00a0 <\/strong><\/p>\n<p style=\"text-align: center;\"><em>FORTUNE MALONGA <\/em><\/p>\n<p style=\"text-align: center;\"><em>PRESIDENT DE LA CCEF ONLUS<\/em><\/p>\n","protected":false},"excerpt":{"rendered":"<p>C\u2019est un immense plaisir pour moi de vous ouvrir les pages de notre site Internet. L\u2019espace de ce site est un chantier international et surtout un carrefour de rencontres favorisant le brassage interculturel. Au fil des pages visit\u00e9es, vous pourrez&#8230;<br \/><a class=\"read-more-button\" href=\"https:\/\/www.ccefonlus.com\/fr\/message-du-president\/\">Read more<\/a><\/p>\n","protected":false},"author":4,"featured_media":0,"parent":0,"menu_order":0,"comment_status":"closed","ping_status":"closed","template":"template-full-width.php","meta":{"footnotes":""},"class_list":["post-252","page","type-page","status-publish","hentry"],"_links":{"self":[{"href":"https:\/\/www.ccefonlus.com\/fr\/wp-json\/wp\/v2\/pages\/252","targetHints":{"allow":["GET"]}}],"collection":[{"href":"https:\/\/www.ccefonlus.com\/fr\/wp-json\/wp\/v2\/pages"}],"about":[{"href":"https:\/\/www.ccefonlus.com\/fr\/wp-json\/wp\/v2\/types\/page"}],"author":[{"embeddable":true,"href":"https:\/\/www.ccefonlus.com\/fr\/wp-json\/wp\/v2\/users\/4"}],"replies":[{"embeddable":true,"href":"https:\/\/www.ccefonlus.com\/fr\/wp-json\/wp\/v2\/comments?post=252"}],"version-history":[{"count":10,"href":"https:\/\/www.ccefonlus.com\/fr\/wp-json\/wp\/v2\/pages\/252\/revisions"}],"predecessor-version":[{"id":559,"href":"https:\/\/www.ccefonlus.com\/fr\/wp-json\/wp\/v2\/pages\/252\/revisions\/559"}],"wp:attachment":[{"href":"https:\/\/www.ccefonlus.com\/fr\/wp-json\/wp\/v2\/media?parent=252"}],"curies":[{"name":"wp","href":"https:\/\/api.w.org\/{rel}","templated":true}]}}