{"id":41,"date":"2015-06-26T11:23:44","date_gmt":"2015-06-26T09:23:44","guid":{"rendered":"http:\/\/s337418314.onlinehome.us\/ccefonlus.com\/?page_id=41"},"modified":"2015-06-26T15:10:22","modified_gmt":"2015-06-26T13:10:22","slug":"5x1000","status":"publish","type":"page","link":"https:\/\/www.ccefonlus.com\/fr\/pour-nous-soutenir\/5x1000\/","title":{"rendered":"5X1000"},"content":{"rendered":"<h1>Que represente les 5&#215;1000<\/h1>\n<p align=\"justify\">La loi de finances de 2007 a confirm\u00e9 la possibilit\u00e9 pour les contribuables de consacrer un pourcentage des imp\u00f4ts dus \u00e0 l&#8217;\u00e9tat, le 5 pour mille de l&#8217;imp\u00f4t sur le revenu des personnes physiques et morales.<\/p>\n<p>Peuvent en \u00eatre destinataires:<\/p>\n<ul>\n<li>Organisations Sociales sans but lucratif, associations de promotion sociale et des associations reconnues;<\/li>\n<li>La recherche scientifique et les universit\u00e9s;<\/li>\n<li>La recherche La sant\u00e9;<\/li>\n<\/ul>\n<p>Toute personne qui est soumise en qualit\u00e9 de contribuable aux d\u00e9clarations d&#8217;imp\u00f4t sur le revenu des individus, peut alors choisir aux quels des secteurs mentionn\u00e9s ci-dessus il pourrait consacrer le 5 pour mille en recourant aux formulaires 730, unique ou CUD.<br \/>\nValidez votre choix en apposant votre signature dans la case concern\u00e9e et en indiquant le b\u00e9n\u00e9ficiaire sp\u00e9cifique auquel affecter les 5 pour mille en mentionnant son code fiscal.<\/p>\n<p>Adh\u00e9rer \u00e0 l&#8217;initiative de 5 pour mille ne comporte pas de charges ou de co\u00fbts suppl\u00e9mentaires pour le contribuable: l\u2019engagement n\u2019est pas on\u00e9reux et ne modifie en aucune fa\u00e7on le montant IRPEF d\u00fb. Il s\u2019agit en effet d\u2019une part des imp\u00f4ts \u00e0 laquelle l&#8217;Etat renonce en faveur des organismes \u00e0 but non lucratif pour appuyer l\u2019action de la recherche et du\u00a0\u2018\u2019 no \u2013 profit \u2019\u2019.<br \/>\nEn outre, les 5 pour mille ne remplace pas les 8 pour mille, et n\u2019exclut pas que l&#8217;Etat, l&#8217;Eglise catholique ou d&#8217;autres confessions religieuses en soient b\u00e9n\u00e9ficiaires.<br \/>\nCette initiative permet \u00e0 chaque contribuable de soutenir les activit\u00e9s socialement utiles et de choisir directement comment une partie de ses imp\u00f4ts sera utilis\u00e9e.<\/p>\n","protected":false},"excerpt":{"rendered":"<p>Que represente les 5&#215;1000 La loi de finances de 2007 a confirm\u00e9 la possibilit\u00e9 pour les contribuables de consacrer un pourcentage des imp\u00f4ts dus \u00e0 l&#8217;\u00e9tat, le 5 pour mille de l&#8217;imp\u00f4t sur le revenu des personnes physiques et morales&#8230;.<br \/><a class=\"read-more-button\" href=\"https:\/\/www.ccefonlus.com\/fr\/pour-nous-soutenir\/5x1000\/\">Read more<\/a><\/p>\n","protected":false},"author":4,"featured_media":0,"parent":585,"menu_order":0,"comment_status":"closed","ping_status":"closed","template":"template-full-width.php","meta":{"footnotes":""},"class_list":["post-41","page","type-page","status-publish","hentry"],"_links":{"self":[{"href":"https:\/\/www.ccefonlus.com\/fr\/wp-json\/wp\/v2\/pages\/41","targetHints":{"allow":["GET"]}}],"collection":[{"href":"https:\/\/www.ccefonlus.com\/fr\/wp-json\/wp\/v2\/pages"}],"about":[{"href":"https:\/\/www.ccefonlus.com\/fr\/wp-json\/wp\/v2\/types\/page"}],"author":[{"embeddable":true,"href":"https:\/\/www.ccefonlus.com\/fr\/wp-json\/wp\/v2\/users\/4"}],"replies":[{"embeddable":true,"href":"https:\/\/www.ccefonlus.com\/fr\/wp-json\/wp\/v2\/comments?post=41"}],"version-history":[{"count":0,"href":"https:\/\/www.ccefonlus.com\/fr\/wp-json\/wp\/v2\/pages\/41\/revisions"}],"up":[{"embeddable":true,"href":"https:\/\/www.ccefonlus.com\/fr\/wp-json\/wp\/v2\/pages\/585"}],"wp:attachment":[{"href":"https:\/\/www.ccefonlus.com\/fr\/wp-json\/wp\/v2\/media?parent=41"}],"curies":[{"name":"wp","href":"https:\/\/api.w.org\/{rel}","templated":true}]}}