{"id":45,"date":"2015-06-26T11:31:16","date_gmt":"2015-06-26T09:31:16","guid":{"rendered":"http:\/\/s337418314.onlinehome.us\/ccefonlus.com\/?page_id=45"},"modified":"2015-06-26T15:10:04","modified_gmt":"2015-06-26T13:10:04","slug":"avantages-fiscaux","status":"publish","type":"page","link":"https:\/\/www.ccefonlus.com\/fr\/pour-nous-soutenir\/avantages-fiscaux\/","title":{"rendered":"Avantages fiscaux"},"content":{"rendered":"<h1>Avantages fiscaux pour les donateurs ( personnes physiques)<\/h1>\n<p lang=\"fr-FR\" xml:lang=\"fr-FR\">Il est possible de choisir entre d\u00e9duire ou soustraire le montant des donations faites \u00e0 la communaut\u00e9 chr\u00e9tienne pour l&#8217;\u00e9ducation familiale CCEF onlus:<\/p>\n<ul>\n<li>Les retenus sont des sommes d&#8217;argent que, une fois calcul\u00e9s les imp\u00f4ts \u00e0 payer, peuvent \u00eatre soustraites de ceux -ci de fa\u00e7on \u00e0 payer moins d&#8217;imp\u00f4ts.<\/li>\n<li>Les d\u00e9ductions sont des sommes d&#8217;argent quand peut soustraire du revenu sur lesquels par la suite on calcule les imp\u00f4ts.<\/li>\n<li>Les avantages fiscaux ne sont pas cumulables entre eux. Il est conseill\u00e9 de s&#8217;adresser \u00e0 un cabinet comptable de confiance pour choisir l&#8217;option la plus adapt\u00e9e aux propres exigences:<\/li>\n<\/ul>\n<p>A) Pour les personnes physiques il y a trois possibilit\u00e9s;<\/p>\n<ul>\n<li>Sur la base de la loi DPR\/ 917\/ 86, on peut choisir de soustraire de l&#8217;imp\u00f4t brut 19% du montant donn\u00e9 jusqu&#8217;\u00e0 un maximum de 2 065,83;<\/li>\n<li>Sur la base de la loi DPR\/ 917 \/ 86 on peut choisir de d\u00e9duire de son propre revenu les donations pour un montant non sup\u00e9rieur \u00e0 2% du revenu total d\u00e9clar\u00e9.<\/li>\n<li>Sur la base de la loi DL 35\/ 2005, on peut d\u00e9duire du propre revenu les donations en esp\u00e8ce et en nature pour un montant non sup\u00e9rieur \u00e0 10% du revenu total d\u00e9clar\u00e9 et toutes fois dans la mesure maximale de 70000 e par an.<\/li>\n<\/ul>\n<p>B) Pour les entreprises il y a deux possibilit\u00e9s sur la base de la loi DPR 917\/86 il est possible de d\u00e9duire les donations pour un montant non sup\u00e9rieur \u00e0 2065,83 Euro ou dans la limite de 2% du revenu annuel d&#8217;entreprise d\u00e9clar\u00e9.<\/p>\n<ul>\n<li>Sur la base de la loi DL 35\/2005 on peut d\u00e9duire de son propre revenu les donations en esp\u00e8ce et en nature pour un montant non sup\u00e9rieur \u00e0 10% du revenu total d\u00e9clar\u00e9 et toute fois dans la mesure maximale de 70000E par an<\/li>\n<li>Il vous est rappel\u00e9 de conserver le r\u00e9c\u00e9piss\u00e9 postal ou bancaire de la donation.<\/li>\n<li>Pour les donations faite \u00e0 travers la domiciliation bancaire pou poste, carte de cr\u00e9dit, virement bancaire et ch\u00e8ques, l&#8217;extrait de compte bancaire (relev\u00e9 bancaire) fait office de r\u00e9c\u00e9piss\u00e9.<\/li>\n<\/ul>\n","protected":false},"excerpt":{"rendered":"<p>Avantages fiscaux pour les donateurs ( personnes physiques) Il est possible de choisir entre d\u00e9duire ou soustraire le montant des donations faites \u00e0 la communaut\u00e9 chr\u00e9tienne pour l&#8217;\u00e9ducation familiale CCEF onlus: Les retenus sont des sommes d&#8217;argent que, une fois&#8230;<br \/><a class=\"read-more-button\" href=\"https:\/\/www.ccefonlus.com\/fr\/pour-nous-soutenir\/avantages-fiscaux\/\">Read more<\/a><\/p>\n","protected":false},"author":4,"featured_media":0,"parent":585,"menu_order":0,"comment_status":"closed","ping_status":"closed","template":"template-full-width.php","meta":{"footnotes":""},"class_list":["post-45","page","type-page","status-publish","hentry"],"_links":{"self":[{"href":"https:\/\/www.ccefonlus.com\/fr\/wp-json\/wp\/v2\/pages\/45","targetHints":{"allow":["GET"]}}],"collection":[{"href":"https:\/\/www.ccefonlus.com\/fr\/wp-json\/wp\/v2\/pages"}],"about":[{"href":"https:\/\/www.ccefonlus.com\/fr\/wp-json\/wp\/v2\/types\/page"}],"author":[{"embeddable":true,"href":"https:\/\/www.ccefonlus.com\/fr\/wp-json\/wp\/v2\/users\/4"}],"replies":[{"embeddable":true,"href":"https:\/\/www.ccefonlus.com\/fr\/wp-json\/wp\/v2\/comments?post=45"}],"version-history":[{"count":0,"href":"https:\/\/www.ccefonlus.com\/fr\/wp-json\/wp\/v2\/pages\/45\/revisions"}],"up":[{"embeddable":true,"href":"https:\/\/www.ccefonlus.com\/fr\/wp-json\/wp\/v2\/pages\/585"}],"wp:attachment":[{"href":"https:\/\/www.ccefonlus.com\/fr\/wp-json\/wp\/v2\/media?parent=45"}],"curies":[{"name":"wp","href":"https:\/\/api.w.org\/{rel}","templated":true}]}}