{"id":54,"date":"2015-06-26T11:40:36","date_gmt":"2015-06-26T09:40:36","guid":{"rendered":"http:\/\/s337418314.onlinehome.us\/ccefonlus.com\/?page_id=54"},"modified":"2017-08-23T15:02:21","modified_gmt":"2017-08-23T13:02:21","slug":"centre-hospitalier","status":"publish","type":"page","link":"https:\/\/www.ccefonlus.com\/fr\/projets-humanitaires\/centre-hospitalier\/","title":{"rendered":"Centre hospitalier"},"content":{"rendered":"<p>La Communaut\u00e9 Chr\u00e9tienne pour l\u2019\u00e9ducation la Familiale Onlus &#8221; CCEF ONLUS &#8221; travaille actuellement sur un projet de r\u00e9alisation d\u2019un Centre de dialyse et de N\u00e9phrologie en R\u00e9publique du Congo. Plus pr\u00e9cis\u00e9ment, Le premier centre d&#8217;h\u00e9modialyse sera construit dans un pays o\u00f9 il n&#8217;y a rien \u00e0 ce sujet, et surtout o\u00f9 il ya de nombreux cas d&#8217;insuffisance r\u00e9nale en raison de mauvaises conditions d&#8217;hygi\u00e8ne, malnutrition, maladies cardio-vasculaires et une situation socio-sanitaire pr\u00e9caire exacerb\u00e9e par la guerre civile. En 2010 a commenc\u00e9 la premi\u00e8re phase du projet, \u00e0 savoir r\u00e9unir les fonds n\u00e9cessaires \u00e0 la r\u00e9alisation de la structure et l&#8217;achat d\u2019\u00e9quipements n\u00e9cessaires d\u2019un service d&#8217;h\u00e9modialyse. Le Centre sera donc un espace o\u00f9 les op\u00e9rateurs de la CCEF ONLUS et des professionnels param\u00e9dicaux offrirons leurs prestations au profit des malades souffrants de pathologies r\u00e9nales, L\u2019objectif est de traiter et redonner espoir \u00e0 ceux qui ont perdu le sens de la vie. Merci \u00e0 tous ceux qui d\u00e9cident de nous soutenir, en parcourant avec nous au moins une partie de cette route importante et difficile (Assistance aux dialys\u00e9s).<\/p>\n<h4>Il sopralluogo<\/h4>\n\n\t\t<style type=\"text\/css\">\n\t\t\t#gallery-1 {\n\t\t\t\tmargin: auto;\n\t\t\t}\n\t\t\t#gallery-1 .gallery-item {\n\t\t\t\tfloat: left;\n\t\t\t\tmargin-top: 10px;\n\t\t\t\ttext-align: center;\n\t\t\t\twidth: 33%;\n\t\t\t}\n\t\t\t#gallery-1 img {\n\t\t\t\tborder: 2px solid #cfcfcf;\n\t\t\t}\n\t\t\t#gallery-1 .gallery-caption {\n\t\t\t\tmargin-left: 0;\n\t\t\t}\n\t\t\t\/* see gallery_shortcode() in wp-includes\/media.php *\/\n\t\t<\/style>\n\t\t<div id='gallery-1' class='gallery galleryid-54 gallery-columns-3 gallery-size-medium'><dl class='gallery-item'>\n\t\t\t<dt class='gallery-icon landscape'>\n\t\t\t\t<a href='https:\/\/www.ccefonlus.com\/wp-content\/uploads\/2015\/06\/tn.jpg' title=\"\" data-rl_title=\"\" class=\"rl-gallery-link\" data-rl_caption=\"\" data-rel=\"lightbox-gallery-1\"><img loading=\"lazy\" decoding=\"async\" width=\"300\" height=\"225\" src=\"https:\/\/www.ccefonlus.com\/wp-content\/uploads\/2015\/06\/tn-300x225.jpg\" class=\"attachment-medium size-medium\" alt=\"\" srcset=\"https:\/\/www.ccefonlus.com\/wp-content\/uploads\/2015\/06\/tn-300x225.jpg 300w, https:\/\/www.ccefonlus.com\/wp-content\/uploads\/2015\/06\/tn-1024x768.jpg 1024w, https:\/\/www.ccefonlus.com\/wp-content\/uploads\/2015\/06\/tn-1170x878.jpg 1170w\" sizes=\"auto, (max-width: 300px) 100vw, 300px\" \/><\/a>\n\t\t\t<\/dt><\/dl><dl class='gallery-item'>\n\t\t\t<dt class='gallery-icon landscape'>\n\t\t\t\t<a href='https:\/\/www.ccefonlus.com\/wp-content\/uploads\/2015\/06\/IMG_0311.jpg' title=\"\" data-rl_title=\"\" class=\"rl-gallery-link\" data-rl_caption=\"\" data-rel=\"lightbox-gallery-1\"><img loading=\"lazy\" decoding=\"async\" width=\"300\" height=\"225\" src=\"https:\/\/www.ccefonlus.com\/wp-content\/uploads\/2015\/06\/IMG_0311-300x225.jpg\" class=\"attachment-medium size-medium\" alt=\"\" srcset=\"https:\/\/www.ccefonlus.com\/wp-content\/uploads\/2015\/06\/IMG_0311-300x225.jpg 300w, https:\/\/www.ccefonlus.com\/wp-content\/uploads\/2015\/06\/IMG_0311-1024x768.jpg 1024w, https:\/\/www.ccefonlus.com\/wp-content\/uploads\/2015\/06\/IMG_0311-1170x878.jpg 1170w\" sizes=\"auto, (max-width: 300px) 100vw, 300px\" \/><\/a>\n\t\t\t<\/dt><\/dl>\n\t\t\t<br style='clear: both' \/>\n\t\t<\/div>\n\n<h4>Inizio Lavori<\/h4>\n\n\t\t<style type=\"text\/css\">\n\t\t\t#gallery-2 {\n\t\t\t\tmargin: auto;\n\t\t\t}\n\t\t\t#gallery-2 .gallery-item {\n\t\t\t\tfloat: left;\n\t\t\t\tmargin-top: 10px;\n\t\t\t\ttext-align: center;\n\t\t\t\twidth: 16%;\n\t\t\t}\n\t\t\t#gallery-2 img {\n\t\t\t\tborder: 2px solid #cfcfcf;\n\t\t\t}\n\t\t\t#gallery-2 .gallery-caption {\n\t\t\t\tmargin-left: 0;\n\t\t\t}\n\t\t\t\/* see gallery_shortcode() in wp-includes\/media.php *\/\n\t\t<\/style>\n\t\t<div id='gallery-2' class='gallery galleryid-54 gallery-columns-6 gallery-size-thumbnail'><dl class='gallery-item'>\n\t\t\t<dt class='gallery-icon landscape'>\n\t\t\t\t<a href='https:\/\/www.ccefonlus.com\/wp-content\/uploads\/2015\/06\/IMG_1361.jpg' title=\"\" data-rl_title=\"\" class=\"rl-gallery-link\" data-rl_caption=\"\" data-rel=\"lightbox-gallery-2\"><img loading=\"lazy\" decoding=\"async\" width=\"150\" height=\"150\" src=\"https:\/\/www.ccefonlus.com\/wp-content\/uploads\/2015\/06\/IMG_1361-150x150.jpg\" class=\"attachment-thumbnail size-thumbnail\" alt=\"\" \/><\/a>\n\t\t\t<\/dt><\/dl><dl class='gallery-item'>\n\t\t\t<dt class='gallery-icon landscape'>\n\t\t\t\t<a href='https:\/\/www.ccefonlus.com\/wp-content\/uploads\/2015\/06\/IMG_1521.jpg' title=\"\" data-rl_title=\"\" class=\"rl-gallery-link\" data-rl_caption=\"\" data-rel=\"lightbox-gallery-2\"><img loading=\"lazy\" decoding=\"async\" width=\"150\" height=\"150\" src=\"https:\/\/www.ccefonlus.com\/wp-content\/uploads\/2015\/06\/IMG_1521-150x150.jpg\" class=\"attachment-thumbnail size-thumbnail\" alt=\"\" \/><\/a>\n\t\t\t<\/dt><\/dl><dl class='gallery-item'>\n\t\t\t<dt class='gallery-icon portrait'>\n\t\t\t\t<a href='https:\/\/www.ccefonlus.com\/wp-content\/uploads\/2015\/06\/IMG_1523.jpg' title=\"\" data-rl_title=\"\" class=\"rl-gallery-link\" data-rl_caption=\"\" data-rel=\"lightbox-gallery-2\"><img loading=\"lazy\" decoding=\"async\" width=\"150\" height=\"150\" src=\"https:\/\/www.ccefonlus.com\/wp-content\/uploads\/2015\/06\/IMG_1523-150x150.jpg\" class=\"attachment-thumbnail size-thumbnail\" alt=\"\" \/><\/a>\n\t\t\t<\/dt><\/dl><dl class='gallery-item'>\n\t\t\t<dt class='gallery-icon landscape'>\n\t\t\t\t<a href='https:\/\/www.ccefonlus.com\/wp-content\/uploads\/2015\/06\/DSC01524.jpg' title=\"\" data-rl_title=\"\" class=\"rl-gallery-link\" data-rl_caption=\"\" data-rel=\"lightbox-gallery-2\"><img loading=\"lazy\" decoding=\"async\" width=\"150\" height=\"150\" src=\"https:\/\/www.ccefonlus.com\/wp-content\/uploads\/2015\/06\/DSC01524-150x150.jpg\" class=\"attachment-thumbnail size-thumbnail\" alt=\"\" \/><\/a>\n\t\t\t<\/dt><\/dl><dl class='gallery-item'>\n\t\t\t<dt class='gallery-icon landscape'>\n\t\t\t\t<a href='https:\/\/www.ccefonlus.com\/wp-content\/uploads\/2015\/06\/IMG_1317.jpg' title=\"\" data-rl_title=\"\" class=\"rl-gallery-link\" data-rl_caption=\"\" data-rel=\"lightbox-gallery-2\"><img loading=\"lazy\" decoding=\"async\" width=\"150\" height=\"150\" src=\"https:\/\/www.ccefonlus.com\/wp-content\/uploads\/2015\/06\/IMG_1317-150x150.jpg\" class=\"attachment-thumbnail size-thumbnail\" alt=\"\" \/><\/a>\n\t\t\t<\/dt><\/dl><dl class='gallery-item'>\n\t\t\t<dt class='gallery-icon landscape'>\n\t\t\t\t<a href='https:\/\/www.ccefonlus.com\/wp-content\/uploads\/2015\/06\/IMG_0307.jpg' title=\"\" data-rl_title=\"\" class=\"rl-gallery-link\" data-rl_caption=\"\" data-rel=\"lightbox-gallery-2\"><img loading=\"lazy\" decoding=\"async\" width=\"150\" height=\"150\" src=\"https:\/\/www.ccefonlus.com\/wp-content\/uploads\/2015\/06\/IMG_0307-150x150.jpg\" class=\"attachment-thumbnail size-thumbnail\" alt=\"\" \/><\/a>\n\t\t\t<\/dt><\/dl><br style=\"clear: both\" \/><dl class='gallery-item'>\n\t\t\t<dt class='gallery-icon landscape'>\n\t\t\t\t<a href='https:\/\/www.ccefonlus.com\/wp-content\/uploads\/2015\/06\/IMG_1370.jpg' title=\"\" data-rl_title=\"\" class=\"rl-gallery-link\" data-rl_caption=\"\" data-rel=\"lightbox-gallery-2\"><img loading=\"lazy\" decoding=\"async\" width=\"150\" height=\"150\" src=\"https:\/\/www.ccefonlus.com\/wp-content\/uploads\/2015\/06\/IMG_1370-150x150.jpg\" class=\"attachment-thumbnail size-thumbnail\" alt=\"\" \/><\/a>\n\t\t\t<\/dt><\/dl><dl class='gallery-item'>\n\t\t\t<dt class='gallery-icon landscape'>\n\t\t\t\t<a href='https:\/\/www.ccefonlus.com\/wp-content\/uploads\/2015\/06\/IMG_0315.jpg' title=\"\" data-rl_title=\"\" class=\"rl-gallery-link\" data-rl_caption=\"\" data-rel=\"lightbox-gallery-2\"><img loading=\"lazy\" decoding=\"async\" width=\"150\" height=\"150\" src=\"https:\/\/www.ccefonlus.com\/wp-content\/uploads\/2015\/06\/IMG_0315-150x150.jpg\" class=\"attachment-thumbnail size-thumbnail\" alt=\"\" \/><\/a>\n\t\t\t<\/dt><\/dl><dl class='gallery-item'>\n\t\t\t<dt class='gallery-icon landscape'>\n\t\t\t\t<a href='https:\/\/www.ccefonlus.com\/wp-content\/uploads\/2015\/06\/DSC01509.jpg' title=\"\" data-rl_title=\"\" class=\"rl-gallery-link\" data-rl_caption=\"\" data-rel=\"lightbox-gallery-2\"><img loading=\"lazy\" decoding=\"async\" width=\"150\" height=\"150\" src=\"https:\/\/www.ccefonlus.com\/wp-content\/uploads\/2015\/06\/DSC01509-150x150.jpg\" class=\"attachment-thumbnail size-thumbnail\" alt=\"\" \/><\/a>\n\t\t\t<\/dt><\/dl><dl class='gallery-item'>\n\t\t\t<dt class='gallery-icon landscape'>\n\t\t\t\t<a href='https:\/\/www.ccefonlus.com\/wp-content\/uploads\/2015\/06\/IMG_1328.jpg' title=\"\" data-rl_title=\"\" class=\"rl-gallery-link\" data-rl_caption=\"\" data-rel=\"lightbox-gallery-2\"><img loading=\"lazy\" decoding=\"async\" width=\"150\" height=\"150\" src=\"https:\/\/www.ccefonlus.com\/wp-content\/uploads\/2015\/06\/IMG_1328-150x150.jpg\" class=\"attachment-thumbnail size-thumbnail\" alt=\"\" \/><\/a>\n\t\t\t<\/dt><\/dl><dl class='gallery-item'>\n\t\t\t<dt class='gallery-icon landscape'>\n\t\t\t\t<a href='https:\/\/www.ccefonlus.com\/wp-content\/uploads\/2015\/06\/DSC01507.jpg' title=\"\" data-rl_title=\"\" class=\"rl-gallery-link\" data-rl_caption=\"\" data-rel=\"lightbox-gallery-2\"><img loading=\"lazy\" decoding=\"async\" width=\"150\" height=\"150\" src=\"https:\/\/www.ccefonlus.com\/wp-content\/uploads\/2015\/06\/DSC01507-150x150.jpg\" class=\"attachment-thumbnail size-thumbnail\" alt=\"\" \/><\/a>\n\t\t\t<\/dt><\/dl><dl class='gallery-item'>\n\t\t\t<dt class='gallery-icon landscape'>\n\t\t\t\t<a href='https:\/\/www.ccefonlus.com\/wp-content\/uploads\/2015\/06\/IMG_1364.jpg' title=\"\" data-rl_title=\"\" class=\"rl-gallery-link\" data-rl_caption=\"\" data-rel=\"lightbox-gallery-2\"><img loading=\"lazy\" decoding=\"async\" width=\"150\" height=\"150\" src=\"https:\/\/www.ccefonlus.com\/wp-content\/uploads\/2015\/06\/IMG_1364-150x150.jpg\" class=\"attachment-thumbnail size-thumbnail\" alt=\"\" \/><\/a>\n\t\t\t<\/dt><\/dl><br style=\"clear: both\" \/>\n\t\t<\/div>\n\n<h4>A che punto siamo&#8230;<\/h4>\n\n\t\t<style type=\"text\/css\">\n\t\t\t#gallery-3 {\n\t\t\t\tmargin: auto;\n\t\t\t}\n\t\t\t#gallery-3 .gallery-item {\n\t\t\t\tfloat: left;\n\t\t\t\tmargin-top: 10px;\n\t\t\t\ttext-align: center;\n\t\t\t\twidth: 20%;\n\t\t\t}\n\t\t\t#gallery-3 img {\n\t\t\t\tborder: 2px solid #cfcfcf;\n\t\t\t}\n\t\t\t#gallery-3 .gallery-caption {\n\t\t\t\tmargin-left: 0;\n\t\t\t}\n\t\t\t\/* see gallery_shortcode() in wp-includes\/media.php *\/\n\t\t<\/style>\n\t\t<div id='gallery-3' class='gallery galleryid-54 gallery-columns-5 gallery-size-medium'><dl class='gallery-item'>\n\t\t\t<dt class='gallery-icon landscape'>\n\t\t\t\t<a href='https:\/\/www.ccefonlus.com\/wp-content\/uploads\/2015\/06\/img_2815_bis.jpg' title=\"\" data-rl_title=\"\" class=\"rl-gallery-link\" data-rl_caption=\"\" data-rel=\"lightbox-gallery-3\"><img loading=\"lazy\" decoding=\"async\" width=\"300\" height=\"225\" src=\"https:\/\/www.ccefonlus.com\/wp-content\/uploads\/2015\/06\/img_2815_bis-300x225.jpg\" class=\"attachment-medium size-medium\" alt=\"\" srcset=\"https:\/\/www.ccefonlus.com\/wp-content\/uploads\/2015\/06\/img_2815_bis-300x225.jpg 300w, https:\/\/www.ccefonlus.com\/wp-content\/uploads\/2015\/06\/img_2815_bis.jpg 640w\" sizes=\"auto, (max-width: 300px) 100vw, 300px\" \/><\/a>\n\t\t\t<\/dt><\/dl><dl class='gallery-item'>\n\t\t\t<dt class='gallery-icon landscape'>\n\t\t\t\t<a href='https:\/\/www.ccefonlus.com\/wp-content\/uploads\/2015\/06\/img_4206_bis-1.jpg' title=\"\" data-rl_title=\"\" class=\"rl-gallery-link\" data-rl_caption=\"\" data-rel=\"lightbox-gallery-3\"><img loading=\"lazy\" decoding=\"async\" width=\"300\" height=\"225\" src=\"https:\/\/www.ccefonlus.com\/wp-content\/uploads\/2015\/06\/img_4206_bis-1-300x225.jpg\" class=\"attachment-medium size-medium\" alt=\"\" srcset=\"https:\/\/www.ccefonlus.com\/wp-content\/uploads\/2015\/06\/img_4206_bis-1-300x225.jpg 300w, https:\/\/www.ccefonlus.com\/wp-content\/uploads\/2015\/06\/img_4206_bis-1-768x576.jpg 768w, https:\/\/www.ccefonlus.com\/wp-content\/uploads\/2015\/06\/img_4206_bis-1.jpg 1024w\" sizes=\"auto, (max-width: 300px) 100vw, 300px\" \/><\/a>\n\t\t\t<\/dt><\/dl>\n\t\t\t<br style='clear: both' \/>\n\t\t<\/div>\n\n","protected":false},"excerpt":{"rendered":"<p>La Communaut\u00e9 Chr\u00e9tienne pour l\u2019\u00e9ducation la Familiale Onlus &#8221; CCEF ONLUS &#8221; travaille actuellement sur un projet de r\u00e9alisation d\u2019un Centre de dialyse et de N\u00e9phrologie en R\u00e9publique du Congo. Plus pr\u00e9cis\u00e9ment, Le premier centre d&#8217;h\u00e9modialyse sera construit dans un&#8230;<br \/><a class=\"read-more-button\" href=\"https:\/\/www.ccefonlus.com\/fr\/projets-humanitaires\/centre-hospitalier\/\">Read more<\/a><\/p>\n","protected":false},"author":4,"featured_media":192,"parent":104,"menu_order":0,"comment_status":"closed","ping_status":"closed","template":"template-full-width.php","meta":{"footnotes":""},"class_list":["post-54","page","type-page","status-publish","has-post-thumbnail","hentry"],"_links":{"self":[{"href":"https:\/\/www.ccefonlus.com\/fr\/wp-json\/wp\/v2\/pages\/54","targetHints":{"allow":["GET"]}}],"collection":[{"href":"https:\/\/www.ccefonlus.com\/fr\/wp-json\/wp\/v2\/pages"}],"about":[{"href":"https:\/\/www.ccefonlus.com\/fr\/wp-json\/wp\/v2\/types\/page"}],"author":[{"embeddable":true,"href":"https:\/\/www.ccefonlus.com\/fr\/wp-json\/wp\/v2\/users\/4"}],"replies":[{"embeddable":true,"href":"https:\/\/www.ccefonlus.com\/fr\/wp-json\/wp\/v2\/comments?post=54"}],"version-history":[{"count":12,"href":"https:\/\/www.ccefonlus.com\/fr\/wp-json\/wp\/v2\/pages\/54\/revisions"}],"predecessor-version":[{"id":581,"href":"https:\/\/www.ccefonlus.com\/fr\/wp-json\/wp\/v2\/pages\/54\/revisions\/581"}],"up":[{"embeddable":true,"href":"https:\/\/www.ccefonlus.com\/fr\/wp-json\/wp\/v2\/pages\/104"}],"wp:featuredmedia":[{"embeddable":true,"href":"https:\/\/www.ccefonlus.com\/fr\/wp-json\/wp\/v2\/media\/192"}],"wp:attachment":[{"href":"https:\/\/www.ccefonlus.com\/fr\/wp-json\/wp\/v2\/media?parent=54"}],"curies":[{"name":"wp","href":"https:\/\/api.w.org\/{rel}","templated":true}]}}