{"id":56,"date":"2015-06-26T11:41:55","date_gmt":"2015-06-26T09:41:55","guid":{"rendered":"http:\/\/s337418314.onlinehome.us\/ccefonlus.com\/?page_id=56"},"modified":"2018-03-25T22:06:32","modified_gmt":"2018-03-25T20:06:32","slug":"a-propos-de-nous","status":"publish","type":"page","link":"https:\/\/www.ccefonlus.com\/fr\/association\/a-propos-de-nous\/","title":{"rendered":"A propos de nous"},"content":{"rendered":"<p><a href=\"https:\/\/www.ccefonlus.com\/wp-content\/uploads\/2018\/03\/PRESENTATION-ONLUS-fran\u00e7ais-DEFINITIF-2.pdf\"><span style=\"background:#ead61c;padding:5px;color:#333;font-weight:bold\">Cliquer ici pour int\u00e9gralit\u00e9 de la pr\u00e9sentation (pdf)<\/span><\/a><\/p>\n<p>La Communaut\u00e9 Chr\u00e9tienne pour L\u2019Education Familiale Onlus est une association humanitaire \u00e0 but non lucratif et apolitique \u0153uvrant pour le d\u00e9veloppement social des couches les plus d\u00e9favoris\u00e9es tant en milieu rural qu\u2019urbain \u00e0 travers notre programme \u00ab volontaires sans fronti\u00e8res \u00bb.<br \/>\nElle a pour mission :<br \/>\n&#8211; D\u2019atteindre les objectifs socio- sanitaires, culturels et de solidarit\u00e9, en \u00e9troite collaboration avec les organisations publiques et priv\u00e9es ;<br \/>\n&#8211; Fournir un soutien \u00e0 la population du Congo \u00e0 travers des projets visant la construction des structures des soins de sant\u00e9, centres communautaires, \u00e9coles, logements, assistance \u00e0 la production agro alimentaire pour y cr\u00e9er les conditions d\u2019une vie meilleure.<br \/>\nDans cette optique, notre association travaille actuellement sur un projet en vue de la r\u00e9alisation d\u2019un centre de dialyse et de N\u00e9phrologie en R\u00e9publique du Congo. Ce premier Centre d\u2019H\u00e9modialyse e de N\u00e9phrologie sera construit \u00e0 Brazzaville.<br \/>\nA travers ce projet, nous voulons inscrire notre pays sur une trajectoire de solidarit\u00e9, de progr\u00e8s et de prosp\u00e9rit\u00e9 sanitaire pour le bien de tous les habitants, surtout les plus fragiles et les plus d\u00e9munis.<br \/>\nIl est donc urgent d\u2019intervenir vu les nombreux cas d\u2019insuffisance r\u00e9nale, le nombre croissant des diab\u00e9tiques et le taux \u00e9lev\u00e9 de mortalit\u00e9 des personnes atteintes de maladie cardiovasculaires, corollaires d\u2019une situation socio sanitaire pr\u00e9caire.<br \/>\nLe centre sera donc un espace ouvert o\u00f9 les op\u00e9rateurs du volontariat et des professionnels para m\u00e9dicaux Congolais et Occidentaux fourniront leurs prestations au profit des malades souffrants des pathologies r\u00e9nales. L\u2019objectif de ce centre est de traiter et de redonner espoir \u00e0 ceux qui ont perdu le sens de la vie. Pour cela, nous sommes en partenariat avec certaines structures hospitali\u00e8res de Rome comme par exemple le Centre hospitalier Agostino Gemelli (de l\u2019Universit\u00e9 Catholique de Rome), Institut Saint Jean de Dieu de Genzano (Fate bene Fratelli), Hopital Saint Pierre de Rome (Fate bene Fratelli), Clinique Guarnieri de Rome, Baxter et tant d\u2019autres qui sont dispos\u00e9es \u00e0 mettre leur comp\u00e9tence et exp\u00e9rience au service de notre projet tant sur le plan logistique que sur le plan de la formation du personnel param\u00e9dical Congolais ( M\u00e9decins et Infirmiers) \u00e0 travers une prise en charge par nos partenaires pour une sp\u00e9cialisation en N\u00e9phrologie et H\u00e9modialyse aupr\u00e8s de leurs structures en Italie.<br \/>\nNous sommes motiv\u00e9s, d\u00e9termin\u00e9s, \u00e0 la r\u00e9alisation de ce centre pour lequel nous sollicitons votre assistance tant spirituelle que mat\u00e9rielle. Il serait donc dommage de ne pas r\u00e9aliser ce projet \u00e9tant donn\u00e9 son impact en terme de sant\u00e9 publique pour le bien \u00eatre de la population et de l\u2019Eglise du Congo. Pour r\u00e9aliser ce projet, nous devons r\u00e9unir les fonds n\u00e9cessaires pour la construction de la structure et dans l\u2019achat d\u2019\u00e9quipements n\u00e9cessaires pour un service d\u2019H\u00e9modialyse et de N\u00e9phrologie.<br \/>\nLa contribution de tous aujourd\u2019hui est vivement souhait\u00e9e pour que des vies humaines soient \u00e9pargn\u00e9es.<br \/>\nAu-del\u00e0 de la r\u00e9alisation du centre, notre action est aussi orient\u00e9e vers la pr\u00e9vention \u00e0 travers des campagnes de d\u00e9pistage r\u00e9guli\u00e8res et fr\u00e9quentes qui permettraient de focaliser \u2018\u2019 in tempore \u2018\u2019 des pathologies qui menacent la vie des populations et qui repr\u00e9sentent un \u00e9norme co\u00fbt socio-\u00e9conomique (maladies m\u00e9taboliques, maladies cardio-vasculaires). A cet effet, nous comptons lancer un autre projet de laboratoires mobiles \u00e0 travers l\u2019acquisition de deux v\u00e9hicules \u00e9quip\u00e9s pour effectuer des tests de glyc\u00e9mie, mesure de la pression art\u00e9rielle et test Hiv, c\u2019est-\u00e0-dire un h\u00e9mogramme complet; tant dans la capitale que dans l\u2019arri\u00e8re pays.<br \/>\nNotre objectif dans ce volet pr\u00e9vention, est une op\u00e9ration permanente qui nous permettra d\u2019identifier et de lutter contre toutes ces pathologies.<br \/>\nCette initiative sera non seulement un bon moyen pour lutter contre l\u2019exclusion des soins de sant\u00e9 primaire des cat\u00e9gories sociales les plus d\u00e9munies mais aussi l\u2019occasion de donner \u00e0 tous la possibilit\u00e9 d\u2019acc\u00e9der aux m\u00eames soins ( d\u00e9pistages tout azimut).<br \/>\nLe XIX\u00e8me si\u00e8cle voit na\u00eetre les conf\u00e9rences de Saint-Vincent de Paul, du bienheureux Fr\u00e9d\u00e9ric Ozanam, l\u2019ap\u00f4tre catholique de saint Vincent Pallotti, l\u2019\u0153uvre \u00e9ducative de saint Jean Bosco et l\u2019\u0153uvre sociale du bienheureux Adolph Kolping, pour ne citer que quelques-unes des nombreuses exp\u00e9riences associatives n\u00e9es en cette p\u00e9riode et qui conflu\u00e8rent dans le mouvement catholique avec des finalit\u00e9s sociales.<br \/>\nCela a donn\u00e9 un vigoureux \u00e9lan dans nos engagements et nous a dot\u00e9 dune physionomie et d\u2019une finalit\u00e9 sp\u00e9cifique: tant sont grandes la richesse et la vari\u00e9t\u00e9 des ressources de l\u2019Esprit Saint, dans le tissu eccl\u00e9sial, tant sont grandes \u00e9galement la capacit\u00e9 d\u2019initiative et la g\u00e9n\u00e9rosit\u00e9 du la\u00efcat.<br \/>\nNous Pensons que, l\u2019avenir harmonieux de notre Eglise exige une \u00e9conomie de d\u00e9veloppement au grand profit de nos populations; cela requiert que l\u2019on investisse dans la sant\u00e9, l\u2019\u00e9ducation, l\u2019habitat, et l\u2019alimentation.<br \/>\nAinsi nous sommes dispos\u00e9s \u00e0 engager une collaboration durable et \u00e9quitable avec nos partenaires locaux, la Caritas et les Dioc\u00e8ses du Congo afin de cr\u00e9er une synergie qui va nous aid\u00e9 \u00e0 construire: \u00e9coles, dispensaires, maternit\u00e9s et h\u00f4pitaux, dans le but de soulager les soucis quotidiens de nos populations.<\/p>\n<p>Pour La CCEF ONLUS.<br \/>\nLe Pr\u00e9sident<br \/>\nFortun\u00e9 MALONGA<\/p>\n<p><u id=\"yui_3_16_0_1_1435914056563_2309\"><b id=\"yui_3_16_0_1_1435914056563_2308\">Responsable du projet<\/b>:<\/u> Fortun\u00e9 MALONGA, Pr\u00e9sident de la CCEFOnlus.<br \/>\nE-mail: tune.malo@hotmail.com.<br \/>\n<u id=\"yui_3_16_0_1_1435914056563_2294\"><b id=\"yui_3_16_0_1_1435914056563_2293\">Coordonnateur et Responsable sanitaire du projet<\/b><\/u> : Docteur Maurizio Bossola, Responsable de service aupr\u00e8s du Centre prot\u00e9g\u00e9 d\u2019H\u00e9modialyse de la Policlinique A. Gemelli (Universit\u00e9 Catholique du Sacre c\u0153ur de Rome).<br \/>\nE-Mail: maubosso@tin.it.<br \/>\n<b id=\"yui_3_16_0_1_1435914056563_2298\"><u id=\"yui_3_16_0_1_1435914056563_2297\"><span id=\"yui_3_16_0_1_1435914056563_2296\">Repr\u00e9sentant et d\u00e9l\u00e9gu\u00e9 de la CCEF Onlus au Congo:<\/span><\/u><\/b> Danick Armel Loufoua<br \/>\nE-mail: danickarmel@yahoo.fr<\/p>\n","protected":false},"excerpt":{"rendered":"<p>Cliquer ici pour int\u00e9gralit\u00e9 de la pr\u00e9sentation (pdf) La Communaut\u00e9 Chr\u00e9tienne pour L\u2019Education Familiale Onlus est une association humanitaire \u00e0 but non lucratif et apolitique \u0153uvrant pour le d\u00e9veloppement social des couches les plus d\u00e9favoris\u00e9es tant en milieu rural qu\u2019urbain&#8230;<br \/><a class=\"read-more-button\" href=\"https:\/\/www.ccefonlus.com\/fr\/association\/a-propos-de-nous\/\">Read more<\/a><\/p>\n","protected":false},"author":4,"featured_media":194,"parent":99,"menu_order":0,"comment_status":"closed","ping_status":"closed","template":"template-full-width.php","meta":{"footnotes":""},"class_list":["post-56","page","type-page","status-publish","has-post-thumbnail","hentry"],"_links":{"self":[{"href":"https:\/\/www.ccefonlus.com\/fr\/wp-json\/wp\/v2\/pages\/56","targetHints":{"allow":["GET"]}}],"collection":[{"href":"https:\/\/www.ccefonlus.com\/fr\/wp-json\/wp\/v2\/pages"}],"about":[{"href":"https:\/\/www.ccefonlus.com\/fr\/wp-json\/wp\/v2\/types\/page"}],"author":[{"embeddable":true,"href":"https:\/\/www.ccefonlus.com\/fr\/wp-json\/wp\/v2\/users\/4"}],"replies":[{"embeddable":true,"href":"https:\/\/www.ccefonlus.com\/fr\/wp-json\/wp\/v2\/comments?post=56"}],"version-history":[{"count":15,"href":"https:\/\/www.ccefonlus.com\/fr\/wp-json\/wp\/v2\/pages\/56\/revisions"}],"predecessor-version":[{"id":259,"href":"https:\/\/www.ccefonlus.com\/fr\/wp-json\/wp\/v2\/pages\/56\/revisions\/259"}],"up":[{"embeddable":true,"href":"https:\/\/www.ccefonlus.com\/fr\/wp-json\/wp\/v2\/pages\/99"}],"wp:featuredmedia":[{"embeddable":true,"href":"https:\/\/www.ccefonlus.com\/fr\/wp-json\/wp\/v2\/media\/194"}],"wp:attachment":[{"href":"https:\/\/www.ccefonlus.com\/fr\/wp-json\/wp\/v2\/media?parent=56"}],"curies":[{"name":"wp","href":"https:\/\/api.w.org\/{rel}","templated":true}]}}