{"id":58,"date":"2015-06-26T11:43:04","date_gmt":"2015-06-26T09:43:04","guid":{"rendered":"http:\/\/s337418314.onlinehome.us\/ccefonlus.com\/?page_id=58"},"modified":"2016-08-20T10:24:28","modified_gmt":"2016-08-20T08:24:28","slug":"collaborer-avec-nous","status":"publish","type":"page","link":"https:\/\/www.ccefonlus.com\/fr\/collaborer-avec-nous\/","title":{"rendered":"Collaborer avec nous"},"content":{"rendered":"<div style=\"float: left; text-align: justify; width: 47%;\">\n<h3>L\u2019association recherche des b\u00e9n\u00e9voles de tous \u00e2ges \u00e0 ins\u00e9rer dans nos divers projets.<\/h3>\n<address style=\"font-size: 12pt;\">\nCOMUNIT\u00c0 CRISTIANA PER L\u2019EDUCAZIONE FAMILIARE ONLUS<br \/>\nVia Treviglio, 7<br \/>\n00166 Roma (Italy)<br \/>\nTel.: +39 06 30998095<br \/>\nMob.: +39 333 2510886<br \/>\nE-mail: ccefonlus@gmail.com<\/address>\n<\/div>\n<div style=\"float: right; text-align: justify; width: 47%;\">\n<h3>Formulaire de contact<\/h3>\n<p>[contact-form-7 id=&#8221;476&#8243; title=&#8221;Module de contact&#8221;]<\/p>\n<\/div>\n<div style=\"clear: both;\"><\/div>\n","protected":false},"excerpt":{"rendered":"<p>L\u2019association recherche des b\u00e9n\u00e9voles de tous \u00e2ges \u00e0 ins\u00e9rer dans nos divers projets. COMUNIT\u00c0 CRISTIANA PER L\u2019EDUCAZIONE FAMILIARE ONLUS Via Treviglio, 7 00166 Roma (Italy) Tel.: +39 06 30998095 Mob.: +39 333 2510886 E-mail: ccefonlus@gmail.com Formulaire de contact [contact-form-7 id=&#8221;476&#8243;&#8230;<br \/><a class=\"read-more-button\" href=\"https:\/\/www.ccefonlus.com\/fr\/collaborer-avec-nous\/\">Read more<\/a><\/p>\n","protected":false},"author":4,"featured_media":209,"parent":0,"menu_order":0,"comment_status":"closed","ping_status":"closed","template":"template-full-width.php","meta":{"footnotes":""},"class_list":["post-58","page","type-page","status-publish","has-post-thumbnail","hentry"],"_links":{"self":[{"href":"https:\/\/www.ccefonlus.com\/fr\/wp-json\/wp\/v2\/pages\/58","targetHints":{"allow":["GET"]}}],"collection":[{"href":"https:\/\/www.ccefonlus.com\/fr\/wp-json\/wp\/v2\/pages"}],"about":[{"href":"https:\/\/www.ccefonlus.com\/fr\/wp-json\/wp\/v2\/types\/page"}],"author":[{"embeddable":true,"href":"https:\/\/www.ccefonlus.com\/fr\/wp-json\/wp\/v2\/users\/4"}],"replies":[{"embeddable":true,"href":"https:\/\/www.ccefonlus.com\/fr\/wp-json\/wp\/v2\/comments?post=58"}],"version-history":[{"count":5,"href":"https:\/\/www.ccefonlus.com\/fr\/wp-json\/wp\/v2\/pages\/58\/revisions"}],"predecessor-version":[{"id":486,"href":"https:\/\/www.ccefonlus.com\/fr\/wp-json\/wp\/v2\/pages\/58\/revisions\/486"}],"wp:featuredmedia":[{"embeddable":true,"href":"https:\/\/www.ccefonlus.com\/fr\/wp-json\/wp\/v2\/media\/209"}],"wp:attachment":[{"href":"https:\/\/www.ccefonlus.com\/fr\/wp-json\/wp\/v2\/media?parent=58"}],"curies":[{"name":"wp","href":"https:\/\/api.w.org\/{rel}","templated":true}]}}