{"id":585,"date":"2018-02-25T22:12:34","date_gmt":"2018-02-25T20:12:34","guid":{"rendered":"http:\/\/www.ccefonlus.com\/fr\/?page_id=585"},"modified":"2019-02-27T04:31:56","modified_gmt":"2019-02-27T03:31:56","slug":"pour-nous-soutenir","status":"publish","type":"page","link":"https:\/\/www.ccefonlus.com\/fr\/pour-nous-soutenir\/","title":{"rendered":"POUR NOUS SOUTENIR"},"content":{"rendered":"<p><a href=\"https:\/\/termpaperwriter.org\/\">term paper<\/a>Soulager et sauver des vies des populations en d\u00e9tresse, d\u00e9munies et abandonn\u00e9es \u00e0 leur propre triste sort, est la plus grande preuve d\u2019amour qui puisse \u00eatre t\u00e9moign\u00e9.<\/p>\n<p>En effet,\u00a0 vu de nombreux cas d\u2019insuffisants r\u00e9naux chroniques (IRC) observ\u00e9s au Congo Brazzaville, vu le manque de prise en charge des ces IRC, vu les taux de mortalit\u00e9 croissants enregistr\u00e9s chaque ann\u00e9e sur cette pathologie,\u00a0 notre organisme et nos b\u00e9n\u00e9voles\u00a0 mettent tout en \u0153uvre pour porter secours \u00e0 toutes ces personnes si vuln\u00e9rables.<\/p>\n<p>C\u2019est dans cette optique, que nous nous sommes engag\u00e9s \u00e0 construire le premier centre de d\u2019h\u00e9modialyse et de n\u00e9phrologie en R\u00e9publique du Congo (Brazzaville).<\/p>\n<p>Partagez-vous la m\u00eame vision que nous\u00a0celle de sauvez les vies humaines? Alors, votre don \u00e0 la Communaut\u00e9 Chr\u00e9tienne Pour l\u2019Education Familiale ONLUS serait sans doute votre marque de t\u00e9moignage d\u2019amour le plus cher que vous auriez r\u00e9alis\u00e9 vis-\u00e0-vis de ces patients.<\/p>\n<p>Faites votre don sur le num\u00e9ro de compte (Code IBAN) suivant:<\/p>\n<p><strong>N\u00b0CC\u00a0: IT96 C033 5901 6001 0000 0154 461 &#8211;\u00a0\u00a0 Le code BIC: BCITITMX<\/strong><\/p>\n<p><strong>Banca Prossima (Intesa- San Paolo)<\/strong>, Filiale 05000 \/ Piazza Paolo Ferrari,10 Cap 20121 Milano<\/p>\n<h4>5&#215;1000 \u00e0 la CCEF ONLUS<\/h4>\n<p>CODE FISCAL: 97613090584<br \/>\nCette intervention ne comporte pas des frais suppl\u00e9mentaires, il suffit d\u2019apposer votre signature et notre code fiscal dans la case r\u00e9serv\u00e9e \u00e0 cet effet sur le formulaire de votre d\u00e9claration d\u2019imp\u00f4ts (730 unique ou CUD).<\/p>\n<p>NOTE D&#8217;INFORMATION:<a href=\"https:\/\/www.ccefonlus.com\/soutenez-la-ccef\/5x1000\/?lang=fr\" target=\"_self\"> Ce qu\u2019est les 5&#215;1000<\/a> &#8211; <a title=\"Avantages fiscaux\" href=\"https:\/\/www.ccefonlus.com\/soutenez-la-ccef\/avantages-fiscaux\/?lang=fr\" target=\"_self\">Avantages fiscaux pour les donateurs <\/a><\/p>\n","protected":false},"excerpt":{"rendered":"<p>term paperSoulager et sauver des vies des populations en d\u00e9tresse, d\u00e9munies et abandonn\u00e9es \u00e0 leur propre triste sort, est la plus grande preuve d\u2019amour qui puisse \u00eatre t\u00e9moign\u00e9. En effet,\u00a0 vu de nombreux cas d\u2019insuffisants r\u00e9naux chroniques (IRC) observ\u00e9s au&#8230;<br \/><a class=\"read-more-button\" href=\"https:\/\/www.ccefonlus.com\/fr\/pour-nous-soutenir\/\">Read more<\/a><\/p>\n","protected":false},"author":4,"featured_media":209,"parent":0,"menu_order":0,"comment_status":"closed","ping_status":"closed","template":"","meta":{"footnotes":""},"class_list":["post-585","page","type-page","status-publish","has-post-thumbnail","hentry"],"_links":{"self":[{"href":"https:\/\/www.ccefonlus.com\/fr\/wp-json\/wp\/v2\/pages\/585","targetHints":{"allow":["GET"]}}],"collection":[{"href":"https:\/\/www.ccefonlus.com\/fr\/wp-json\/wp\/v2\/pages"}],"about":[{"href":"https:\/\/www.ccefonlus.com\/fr\/wp-json\/wp\/v2\/types\/page"}],"author":[{"embeddable":true,"href":"https:\/\/www.ccefonlus.com\/fr\/wp-json\/wp\/v2\/users\/4"}],"replies":[{"embeddable":true,"href":"https:\/\/www.ccefonlus.com\/fr\/wp-json\/wp\/v2\/comments?post=585"}],"version-history":[{"count":5,"href":"https:\/\/www.ccefonlus.com\/fr\/wp-json\/wp\/v2\/pages\/585\/revisions"}],"predecessor-version":[{"id":10392,"href":"https:\/\/www.ccefonlus.com\/fr\/wp-json\/wp\/v2\/pages\/585\/revisions\/10392"}],"wp:featuredmedia":[{"embeddable":true,"href":"https:\/\/www.ccefonlus.com\/fr\/wp-json\/wp\/v2\/media\/209"}],"wp:attachment":[{"href":"https:\/\/www.ccefonlus.com\/fr\/wp-json\/wp\/v2\/media?parent=585"}],"curies":[{"name":"wp","href":"https:\/\/api.w.org\/{rel}","templated":true}]}}