{"id":60,"date":"2015-06-26T11:44:11","date_gmt":"2015-06-26T09:44:11","guid":{"rendered":"http:\/\/s337418314.onlinehome.us\/ccefonlus.com\/?page_id=60"},"modified":"2018-05-24T12:02:06","modified_gmt":"2018-05-24T10:02:06","slug":"nous-contacter","status":"publish","type":"page","link":"https:\/\/www.ccefonlus.com\/fr\/nous-contacter\/","title":{"rendered":"Nous contacter"},"content":{"rendered":"<div style=\"float: left; text-align: justify; width: 47%;\">\n<h3>LA COMMUNAUT\u00c9 CHR\u00c9TIENNE POUR L&#8217;EDUCATION FAMILIALE ONLUS<\/h3>\n<h4 style=\"font-size: 12pt;\"><b id=\"yui_3_16_0_1_1435914056563_2354\">Si\u00e8ge Italie<\/b><\/h4>\n<address style=\"font-size: 12pt;\">Via Treviglio, 7<br \/>\n00166 Roma (Italy)<br \/>\nTel.: +39 06 30998095<br \/>\nMob.: +39 333 2510886<br \/>\nE-mail: info@ccefonlus.com<\/address>\n<h4 style=\"font-size: 12pt;\"><b id=\"yui_3_16_0_1_1435914056563_2354\">Si\u00e8ge<\/b> Congo<\/h4>\n<address style=\"font-size: 12pt;\">46, Rue Missamou (kinsoundi)<br \/>\nMak\u00e9l\u00e9kl\u00e9 &#8211; Brazzaville<br \/>\nTel: +242 066609310<br \/>\nE-mail: info@ccefonlus.com<\/address>\n<\/div>\n<div style=\"float: right; text-align: justify; width: 47%;\">\n<h3>Formulaire de contact<\/h3>\n<p>[contact-form-7 id=&#8221;476&#8243; title=&#8221;Module de contact&#8221;]<\/p>\n<\/div>\n<div style=\"clear: both;\"><\/div>\n","protected":false},"excerpt":{"rendered":"<p>LA COMMUNAUT\u00c9 CHR\u00c9TIENNE POUR L&#8217;EDUCATION FAMILIALE ONLUS Si\u00e8ge Italie Via Treviglio, 7 00166 Roma (Italy) Tel.: +39 06 30998095 Mob.: +39 333 2510886 E-mail: info@ccefonlus.com Si\u00e8ge Congo 46, Rue Missamou (kinsoundi) Mak\u00e9l\u00e9kl\u00e9 &#8211; Brazzaville Tel: +242 066609310 E-mail: info@ccefonlus.com Formulaire&#8230;<br \/><a class=\"read-more-button\" href=\"https:\/\/www.ccefonlus.com\/fr\/nous-contacter\/\">Read more<\/a><\/p>\n","protected":false},"author":4,"featured_media":187,"parent":0,"menu_order":0,"comment_status":"closed","ping_status":"closed","template":"template-full-width.php","meta":{"footnotes":""},"class_list":["post-60","page","type-page","status-publish","has-post-thumbnail","hentry"],"_links":{"self":[{"href":"https:\/\/www.ccefonlus.com\/fr\/wp-json\/wp\/v2\/pages\/60","targetHints":{"allow":["GET"]}}],"collection":[{"href":"https:\/\/www.ccefonlus.com\/fr\/wp-json\/wp\/v2\/pages"}],"about":[{"href":"https:\/\/www.ccefonlus.com\/fr\/wp-json\/wp\/v2\/types\/page"}],"author":[{"embeddable":true,"href":"https:\/\/www.ccefonlus.com\/fr\/wp-json\/wp\/v2\/users\/4"}],"replies":[{"embeddable":true,"href":"https:\/\/www.ccefonlus.com\/fr\/wp-json\/wp\/v2\/comments?post=60"}],"version-history":[{"count":19,"href":"https:\/\/www.ccefonlus.com\/fr\/wp-json\/wp\/v2\/pages\/60\/revisions"}],"predecessor-version":[{"id":2992,"href":"https:\/\/www.ccefonlus.com\/fr\/wp-json\/wp\/v2\/pages\/60\/revisions\/2992"}],"wp:featuredmedia":[{"embeddable":true,"href":"https:\/\/www.ccefonlus.com\/fr\/wp-json\/wp\/v2\/media\/187"}],"wp:attachment":[{"href":"https:\/\/www.ccefonlus.com\/fr\/wp-json\/wp\/v2\/media?parent=60"}],"curies":[{"name":"wp","href":"https:\/\/api.w.org\/{rel}","templated":true}]}}