{"id":65,"date":"2015-06-26T11:46:14","date_gmt":"2015-06-26T09:46:14","guid":{"rendered":"http:\/\/s337418314.onlinehome.us\/ccefonlus.com\/?page_id=65"},"modified":"2015-07-01T07:56:30","modified_gmt":"2015-07-01T05:56:30","slug":"nous-valeurs","status":"publish","type":"page","link":"https:\/\/www.ccefonlus.com\/fr\/association\/nous-valeurs\/","title":{"rendered":"Nous valeurs"},"content":{"rendered":"<p>Nous pensons lutter contre l&#8217;indiff\u00e9rence et l&#8217;injustice sociale envers les plus faibles.<\/p>\n<p>Nous pensons pouvoir offrir de l&#8217;aide et de la solidarit\u00e9 aupr\u00e8s des femmes enceintes d\u00e9pourvues de suivie m\u00e9dicales et sans revenue financi\u00e8res, afin de contribuer \u00e0 r\u00e9duire le taux \u00e9lev\u00e9 de mortalit\u00e9 materno- infantile.<\/p>\n<p>Nous pensons soutenir les populations du quart-monde \u00e0 travers des projets de construction de centre de sant\u00e9, centres communautaires, \u00e9coles, et orphelinats etc ..<\/p>\n<p>Nous pensons adopter des mesures ad\u00e9quates afin de fournir une assistance et un soutien social, moral, et logistique gr\u00e2ce \u00e0 la participation d&#8217;un grand nombre de collaborateurs b\u00e9n\u00e9voles des organisations et des collectivit\u00e9s locales, m\u00e9decins, infirmi\u00e8res, travailleurs sociaux et religieux, ayant d\u00e9j\u00e0 une grande exp\u00e9rience dans diff\u00e9rents domaines..<\/p>\n<p>Nous nous inscrivons \u00e0 multiplier des initiatives afin de sauvegarder l&#8217;unit\u00e9 et la stabilit\u00e9 de la famille et de promouvoir les valeurs humaines.<\/p>\n<p><strong>Ceci est r\u00e9alisable gr\u00e2ce \u00e0 l&#8217;engagement, la d\u00e9termination et la participation r\u00e9elle de tous ceux qui sont r\u00e9unis dans cette grande \u00e9quipe qui travaille pour aider ceux qui sont vraiment dans le besoin.<\/strong><\/p>\n","protected":false},"excerpt":{"rendered":"<p>Nous pensons lutter contre l&#8217;indiff\u00e9rence et l&#8217;injustice sociale envers les plus faibles. Nous pensons pouvoir offrir de l&#8217;aide et de la solidarit\u00e9 aupr\u00e8s des femmes enceintes d\u00e9pourvues de suivie m\u00e9dicales et sans revenue financi\u00e8res, afin de contribuer \u00e0 r\u00e9duire le&#8230;<br \/><a class=\"read-more-button\" href=\"https:\/\/www.ccefonlus.com\/fr\/association\/nous-valeurs\/\">Read more<\/a><\/p>\n","protected":false},"author":4,"featured_media":199,"parent":99,"menu_order":0,"comment_status":"closed","ping_status":"closed","template":"template-full-width.php","meta":{"footnotes":""},"class_list":["post-65","page","type-page","status-publish","has-post-thumbnail","hentry"],"_links":{"self":[{"href":"https:\/\/www.ccefonlus.com\/fr\/wp-json\/wp\/v2\/pages\/65","targetHints":{"allow":["GET"]}}],"collection":[{"href":"https:\/\/www.ccefonlus.com\/fr\/wp-json\/wp\/v2\/pages"}],"about":[{"href":"https:\/\/www.ccefonlus.com\/fr\/wp-json\/wp\/v2\/types\/page"}],"author":[{"embeddable":true,"href":"https:\/\/www.ccefonlus.com\/fr\/wp-json\/wp\/v2\/users\/4"}],"replies":[{"embeddable":true,"href":"https:\/\/www.ccefonlus.com\/fr\/wp-json\/wp\/v2\/comments?post=65"}],"version-history":[{"count":1,"href":"https:\/\/www.ccefonlus.com\/fr\/wp-json\/wp\/v2\/pages\/65\/revisions"}],"predecessor-version":[{"id":206,"href":"https:\/\/www.ccefonlus.com\/fr\/wp-json\/wp\/v2\/pages\/65\/revisions\/206"}],"up":[{"embeddable":true,"href":"https:\/\/www.ccefonlus.com\/fr\/wp-json\/wp\/v2\/pages\/99"}],"wp:featuredmedia":[{"embeddable":true,"href":"https:\/\/www.ccefonlus.com\/fr\/wp-json\/wp\/v2\/media\/199"}],"wp:attachment":[{"href":"https:\/\/www.ccefonlus.com\/fr\/wp-json\/wp\/v2\/media?parent=65"}],"curies":[{"name":"wp","href":"https:\/\/api.w.org\/{rel}","templated":true}]}}